{"id":88,"date":"2023-06-07T19:02:52","date_gmt":"2023-06-07T17:02:52","guid":{"rendered":"http:\/\/www.studioedi.net\/?page_id=88"},"modified":"2023-07-18T13:43:01","modified_gmt":"2023-07-18T11:43:01","slug":"condizionamento","status":"publish","type":"page","link":"https:\/\/www.studioedi.net\/index.php\/condizionamento\/","title":{"rendered":"Condizionamento Aria"},"content":{"rendered":"\n<p>Il Condizionamento dell\u2019aria \u00e8 il processo che permette di mantenere e realizzare determinate condizioni di temperatura, umidit\u00e0 relativa e purezza dell&#8217;aria quando (a differenza della climatizzazione) questa non \u00e8 destinata al benessere delle persone ma ad altri scopi.<\/p>\n\n\n\n<p>Tipicamente il condizionamento dell\u2019aria avviene in ambito industriale e vengono di volta in volta prese in esame le \u201cparticolari\u201d esigenze che scaturiscono dall\u2019obiettivo che il processo di trattamento richiede.<\/p>\n","protected":false},"excerpt":{"rendered":"<p>Il Condizionamento dell\u2019aria \u00e8 il processo che permette di mantenere e realizzare determinate condizioni di temperatura, umidit\u00e0 relativa e purezza dell&#8217;aria quando (a differenza della climatizzazione) questa non \u00e8 destinata al benessere delle persone ma ad altri scopi. Tipicamente il condizionamento dell\u2019aria avviene in ambito industriale e vengono di volta in volta prese in esame &hellip;<\/p>\n","protected":false},"author":1,"featured_media":0,"parent":0,"menu_order":0,"comment_status":"closed","ping_status":"closed","template":"","meta":[],"_links":{"self":[{"href":"https:\/\/www.studioedi.net\/index.php\/wp-json\/wp\/v2\/pages\/88"}],"collection":[{"href":"https:\/\/www.studioedi.net\/index.php\/wp-json\/wp\/v2\/pages"}],"about":[{"href":"https:\/\/www.studioedi.net\/index.php\/wp-json\/wp\/v2\/types\/page"}],"author":[{"embeddable":true,"href":"https:\/\/www.studioedi.net\/index.php\/wp-json\/wp\/v2\/users\/1"}],"replies":[{"embeddable":true,"href":"https:\/\/www.studioedi.net\/index.php\/wp-json\/wp\/v2\/comments?post=88"}],"version-history":[{"count":3,"href":"https:\/\/www.studioedi.net\/index.php\/wp-json\/wp\/v2\/pages\/88\/revisions"}],"predecessor-version":[{"id":181,"href":"https:\/\/www.studioedi.net\/index.php\/wp-json\/wp\/v2\/pages\/88\/revisions\/181"}],"wp:attachment":[{"href":"https:\/\/www.studioedi.net\/index.php\/wp-json\/wp\/v2\/media?parent=88"}],"curies":[{"name":"wp","href":"https:\/\/api.w.org\/{rel}","templated":true}]}}