{"id":92,"date":"2023-06-07T19:02:52","date_gmt":"2023-06-07T17:02:52","guid":{"rendered":"http:\/\/www.studioedi.net\/?page_id=92"},"modified":"2025-05-04T21:10:48","modified_gmt":"2025-05-04T19:10:48","slug":"industria-4-0","status":"publish","type":"page","link":"https:\/\/www.studioedi.net\/index.php\/industria-4-0\/","title":{"rendered":"Industria 4.0"},"content":{"rendered":"\n<p>Le Industrie sono sempre pi\u00f9 digitali e interconnesse, per questo motivo ci si riferisce all\u2019ulteriore \u201csalto di qualit\u00e0\u201d che sono chiamate a fare nella nostra epoca come alla \u201c<strong>quarta rivoluzione industriale<\/strong>\u201d (Industria 4.0).<\/p>\n\n\n\n<p>L\u2019industria 4.0 \u00e8 da alcuni anni al centro della trasformazione economica in Italia e nel mondo. Nel nostro Paese \u00e8 stato varato nel 2016 un piano governativo ad hoc che ha poi subito evoluzioni e revisioni ma che comunque \u00e8 ancora attivo.<\/p>\n\n\n\n<p>La <strong>PROGEDI<\/strong> assiste le aziende con l\u2019elaborazione della perizia giurata e la documentazione di accompagnamento per l\u2019ottenimento dell\u2019incentivo Statale.<\/p>\n","protected":false},"excerpt":{"rendered":"<p>Le Industrie sono sempre pi\u00f9 digitali e interconnesse, per questo motivo ci si riferisce all\u2019ulteriore \u201csalto di qualit\u00e0\u201d che sono chiamate a fare nella nostra epoca come alla \u201cquarta rivoluzione industriale\u201d (Industria 4.0). L\u2019industria 4.0 \u00e8 da alcuni anni al centro della trasformazione economica in Italia e nel mondo. Nel nostro Paese \u00e8 stato varato &hellip;<\/p>\n","protected":false},"author":1,"featured_media":0,"parent":0,"menu_order":0,"comment_status":"closed","ping_status":"closed","template":"","meta":[],"_links":{"self":[{"href":"https:\/\/www.studioedi.net\/index.php\/wp-json\/wp\/v2\/pages\/92"}],"collection":[{"href":"https:\/\/www.studioedi.net\/index.php\/wp-json\/wp\/v2\/pages"}],"about":[{"href":"https:\/\/www.studioedi.net\/index.php\/wp-json\/wp\/v2\/types\/page"}],"author":[{"embeddable":true,"href":"https:\/\/www.studioedi.net\/index.php\/wp-json\/wp\/v2\/users\/1"}],"replies":[{"embeddable":true,"href":"https:\/\/www.studioedi.net\/index.php\/wp-json\/wp\/v2\/comments?post=92"}],"version-history":[{"count":3,"href":"https:\/\/www.studioedi.net\/index.php\/wp-json\/wp\/v2\/pages\/92\/revisions"}],"predecessor-version":[{"id":400,"href":"https:\/\/www.studioedi.net\/index.php\/wp-json\/wp\/v2\/pages\/92\/revisions\/400"}],"wp:attachment":[{"href":"https:\/\/www.studioedi.net\/index.php\/wp-json\/wp\/v2\/media?parent=92"}],"curies":[{"name":"wp","href":"https:\/\/api.w.org\/{rel}","templated":true}]}}