{"id":94,"date":"2023-06-07T19:02:52","date_gmt":"2023-06-07T17:02:52","guid":{"rendered":"http:\/\/www.studioedi.net\/?page_id=94"},"modified":"2025-05-03T12:06:48","modified_gmt":"2025-05-03T10:06:48","slug":"domotica","status":"publish","type":"page","link":"https:\/\/www.studioedi.net\/index.php\/domotica\/","title":{"rendered":"Domotica"},"content":{"rendered":"\n<p>La domotica consiste nell\u2019utilizzo di&nbsp;una serie&nbsp;di&nbsp;dispositivi integrati con l\u2019obiettivo di&nbsp;automatizzare e facilitare l\u2019uso degli impianti di cui l\u2019edificio \u00e8 dotato.<\/p>\n\n\n\n<p>Tra gli impianti che possono rientrare nella gestione domotica solo a titolo di esempio, di seguito se ne citano alcuni:<\/p>\n\n\n\n<ul>\n<li>L\u2019impianto di climatizzazione;<\/li>\n\n\n\n<li>La gestione degli elettrodomestici;<\/li>\n\n\n\n<li>La gestione della cucina;<\/li>\n\n\n\n<li>L\u2019impianto di Allarme incendio;<\/li>\n\n\n\n<li>Video sorveglianza ed antintrusione;<\/li>\n<\/ul>\n\n\n\n<p>L\u2019obiettivo \u00e8 di ottimizzare la parte impiantistica delle costruzioni in termini di funzionalit\u00e0, di sicurezza e di risparmio energetico, fornire assistenza alle persone che si trovano in condizioni di isolamento o di inabilit\u00e0 ed al contempo aumentare le possibilit\u00e0 di intrattenimento audio-video per rendere un edificio pi\u00f9 confortevole.<\/p>\n","protected":false},"excerpt":{"rendered":"<p>La domotica consiste nell\u2019utilizzo di&nbsp;una serie&nbsp;di&nbsp;dispositivi integrati con l\u2019obiettivo di&nbsp;automatizzare e facilitare l\u2019uso degli impianti di cui l\u2019edificio \u00e8 dotato. Tra gli impianti che possono rientrare nella gestione domotica solo a titolo di esempio, di seguito se ne citano alcuni: L\u2019obiettivo \u00e8 di ottimizzare la parte impiantistica delle costruzioni in termini di funzionalit\u00e0, di sicurezza &hellip;<\/p>\n","protected":false},"author":1,"featured_media":0,"parent":0,"menu_order":0,"comment_status":"closed","ping_status":"closed","template":"","meta":[],"_links":{"self":[{"href":"https:\/\/www.studioedi.net\/index.php\/wp-json\/wp\/v2\/pages\/94"}],"collection":[{"href":"https:\/\/www.studioedi.net\/index.php\/wp-json\/wp\/v2\/pages"}],"about":[{"href":"https:\/\/www.studioedi.net\/index.php\/wp-json\/wp\/v2\/types\/page"}],"author":[{"embeddable":true,"href":"https:\/\/www.studioedi.net\/index.php\/wp-json\/wp\/v2\/users\/1"}],"replies":[{"embeddable":true,"href":"https:\/\/www.studioedi.net\/index.php\/wp-json\/wp\/v2\/comments?post=94"}],"version-history":[{"count":3,"href":"https:\/\/www.studioedi.net\/index.php\/wp-json\/wp\/v2\/pages\/94\/revisions"}],"predecessor-version":[{"id":388,"href":"https:\/\/www.studioedi.net\/index.php\/wp-json\/wp\/v2\/pages\/94\/revisions\/388"}],"wp:attachment":[{"href":"https:\/\/www.studioedi.net\/index.php\/wp-json\/wp\/v2\/media?parent=94"}],"curies":[{"name":"wp","href":"https:\/\/api.w.org\/{rel}","templated":true}]}}